{"id":293,"date":"2021-03-12T01:56:00","date_gmt":"2021-03-12T01:56:00","guid":{"rendered":"https:\/\/sef-cursillo.com\/?page_id=293"},"modified":"2025-02-28T07:04:03","modified_gmt":"2025-02-28T12:04:03","slug":"what-is-cursillo","status":"publish","type":"page","link":"https:\/\/sef-cursillo.com\/es\/what-is-cursillo\/","title":{"rendered":"WHAT IS CURSILLO?"},"content":{"rendered":"<div data-elementor-type=\"wp-page\" data-elementor-id=\"293\" class=\"elementor elementor-293\" data-elementor-post-type=\"page\">\n\t\t\t\t\t\t<section class=\"elementor-section elementor-top-section elementor-element elementor-element-1150a99 elementor-section-boxed elementor-section-height-default elementor-section-height-default\" data-id=\"1150a99\" data-element_type=\"section\" data-e-type=\"section\">\n\t\t\t\t\t\t<div class=\"elementor-container elementor-column-gap-default\">\n\t\t\t\t\t<div class=\"elementor-column elementor-col-100 elementor-top-column elementor-element elementor-element-bbcda0d\" data-id=\"bbcda0d\" data-element_type=\"column\" data-e-type=\"column\">\n\t\t\t<div class=\"elementor-widget-wrap elementor-element-populated\">\n\t\t\t\t\t\t<div class=\"elementor-element elementor-element-c5e5e6d elementor-widget elementor-widget-heading\" data-id=\"c5e5e6d\" data-element_type=\"widget\" data-e-type=\"widget\" data-widget_type=\"heading.default\">\n\t\t\t\t\t<h2 class=\"elementor-heading-title elementor-size-default\">\u00bfDe qu\u00e9 se trata el Ministerio de Cursillo?<\/h2>\t\t\t\t<\/div>\n\t\t\t\t<div class=\"elementor-element elementor-element-94bbefd elementor-widget elementor-widget-text-editor\" data-id=\"94bbefd\" data-element_type=\"widget\" data-e-type=\"widget\" data-widget_type=\"text-editor.default\">\n\t\t\t\t\t\t\t\t\t<p>Cursillo se basa en el propio ejemplo de Jes\u00fas. Busc\u00f3 y llam\u00f3 a un peque\u00f1o grupo de l\u00edderes potenciales (pre-Cursillo); Los entren\u00f3 con la palabra y el ejemplo y los inspir\u00f3 con una visi\u00f3n (fin de semana de tres d\u00edas); Los uni\u00f3 y los envi\u00f3 al mundo para traer el mundo a \u00c9l (Cuarto D\u00eda).<\/p>\t\t\t\t\t\t\t\t<\/div>\n\t\t\t\t\t<\/div>\n\t\t<\/div>\n\t\t\t\t\t<\/div>\n\t\t<\/section>\n\t\t\t\t<section class=\"elementor-section elementor-top-section elementor-element elementor-element-7dcf887 elementor-section-boxed elementor-section-height-default elementor-section-height-default\" data-id=\"7dcf887\" data-element_type=\"section\" data-e-type=\"section\">\n\t\t\t\t\t\t<div class=\"elementor-container elementor-column-gap-default\">\n\t\t\t\t\t<div class=\"elementor-column elementor-col-100 elementor-top-column elementor-element elementor-element-3173c8e\" data-id=\"3173c8e\" data-element_type=\"column\" data-e-type=\"column\">\n\t\t\t<div class=\"elementor-widget-wrap elementor-element-populated\">\n\t\t\t\t\t\t<div class=\"elementor-element elementor-element-b1bc6c8 elementor-widget elementor-widget-spacer\" data-id=\"b1bc6c8\" data-element_type=\"widget\" data-e-type=\"widget\" data-widget_type=\"spacer.default\">\n\t\t\t\t\t\t\t<div class=\"elementor-spacer\">\n\t\t\t<div class=\"elementor-spacer-inner\"><\/div>\n\t\t<\/div>\n\t\t\t\t\t\t<\/div>\n\t\t\t\t\t<\/div>\n\t\t<\/div>\n\t\t\t\t\t<\/div>\n\t\t<\/section>\n\t\t\t\t<section class=\"elementor-section elementor-top-section elementor-element elementor-element-8acd033 elementor-section-boxed elementor-section-height-default elementor-section-height-default\" data-id=\"8acd033\" data-element_type=\"section\" data-e-type=\"section\">\n\t\t\t\t\t\t<div class=\"elementor-container elementor-column-gap-default\">\n\t\t\t\t\t<div class=\"elementor-column elementor-col-50 elementor-top-column elementor-element elementor-element-ce6bd99\" data-id=\"ce6bd99\" data-element_type=\"column\" data-e-type=\"column\">\n\t\t\t<div class=\"elementor-widget-wrap elementor-element-populated\">\n\t\t\t\t\t\t<div class=\"elementor-element elementor-element-c2d9188 elementor-widget elementor-widget-heading\" data-id=\"c2d9188\" data-element_type=\"widget\" data-e-type=\"widget\" data-widget_type=\"heading.default\">\n\t\t\t\t\t<h4 class=\"elementor-heading-title elementor-size-default\">Pre-Cursillo<\/h4>\t\t\t\t<\/div>\n\t\t\t\t<div class=\"elementor-element elementor-element-0017c60 elementor-widget elementor-widget-text-editor\" data-id=\"0017c60\" data-element_type=\"widget\" data-e-type=\"widget\" data-widget_type=\"text-editor.default\">\n\t\t\t\t\t\t\t\t\t<p>Durante este per\u00edodo, los patrocinadores (es decir, aquellas personas que han estado en el fin de semana de Cursillo de tres d\u00edas y est\u00e1n viviendo el Cuarto D\u00eda) identifican a los episcopales que llevan una vida cristiana activa y son un testimonio vivo de su amor por Cristo, recomendando su peregrinaci\u00f3n. . Tambi\u00e9n es el per\u00edodo en el que se informa a los peregrinos seleccionados de lo que pueden esperar durante el fin de semana de tres d\u00edas y se les ayuda a prepararse inadecuadamente.\u00a0<\/p>\t\t\t\t\t\t\t\t<\/div>\n\t\t\t\t\t<\/div>\n\t\t<\/div>\n\t\t\t\t<div class=\"elementor-column elementor-col-50 elementor-top-column elementor-element elementor-element-c1fe650\" data-id=\"c1fe650\" data-element_type=\"column\" data-e-type=\"column\">\n\t\t\t<div class=\"elementor-widget-wrap elementor-element-populated\">\n\t\t\t\t\t\t<div class=\"elementor-element elementor-element-aecdad0 elementor-widget elementor-widget-heading\" data-id=\"aecdad0\" data-element_type=\"widget\" data-e-type=\"widget\" data-widget_type=\"heading.default\">\n\t\t\t\t\t<h4 class=\"elementor-heading-title elementor-size-default\">El fin de semana de tres d\u00edas<\/h4>\t\t\t\t<\/div>\n\t\t\t\t<div class=\"elementor-element elementor-element-6e174ec elementor-widget elementor-widget-text-editor\" data-id=\"6e174ec\" data-element_type=\"widget\" data-e-type=\"widget\" data-widget_type=\"text-editor.default\">\n\t\t\t\t\t\t\t\t\t<p>Estos tres d\u00edas re\u00fanen a un grupo diverso de episcopales para compartir la riqueza de muchas formas de adoraci\u00f3n y para ampliar el aprecio de cada uno por nuestra Iglesia. Los laicos conducen el fin de semana con dos o tres miembros del clero que act\u00faan como consejeros espirituales. El fin de semana comienza el jueves por la noche en la Capilla con meditaciones y discusiones. Adem\u00e1s, hay compa\u00f1erismo, canto, buena comida y tiempo para la privacidad, la meditaci\u00f3n, la oraci\u00f3n y los paseos. La Eucarist\u00eda se celebra todos los d\u00edas.<\/p>\t\t\t\t\t\t\t\t<\/div>\n\t\t\t\t\t<\/div>\n\t\t<\/div>\n\t\t\t\t\t<\/div>\n\t\t<\/section>\n\t\t\t\t<section class=\"elementor-section elementor-top-section elementor-element elementor-element-fa4d0df elementor-section-boxed elementor-section-height-default elementor-section-height-default\" data-id=\"fa4d0df\" data-element_type=\"section\" data-e-type=\"section\">\n\t\t\t\t\t\t\t<div class=\"elementor-background-overlay\"><\/div>\n\t\t\t\t\t\t\t<div class=\"elementor-container elementor-column-gap-default\">\n\t\t\t\t\t<div class=\"elementor-column elementor-col-33 elementor-top-column elementor-element elementor-element-a2361e9\" data-id=\"a2361e9\" data-element_type=\"column\" data-e-type=\"column\">\n\t\t\t<div class=\"elementor-widget-wrap elementor-element-populated\">\n\t\t\t\t\t\t<div class=\"elementor-element elementor-element-2bfd521 elementor-widget elementor-widget-heading\" data-id=\"2bfd521\" data-element_type=\"widget\" data-e-type=\"widget\" data-widget_type=\"heading.default\">\n\t\t\t\t\t<h1 class=\"elementor-heading-title elementor-size-default\">Quienes somos<\/h1>\t\t\t\t<\/div>\n\t\t\t\t\t<\/div>\n\t\t<\/div>\n\t\t\t\t<div class=\"elementor-column elementor-col-66 elementor-top-column elementor-element elementor-element-80b9f7b\" data-id=\"80b9f7b\" data-element_type=\"column\" data-e-type=\"column\">\n\t\t\t<div class=\"elementor-widget-wrap elementor-element-populated\">\n\t\t\t\t\t\t<div class=\"elementor-element elementor-element-bb64ba2 elementor-drop-cap-yes elementor-drop-cap-view-default elementor-widget elementor-widget-text-editor\" data-id=\"bb64ba2\" data-element_type=\"widget\" data-e-type=\"widget\" data-settings=\"{&quot;drop_cap&quot;:&quot;yes&quot;}\" data-widget_type=\"text-editor.default\">\n\t\t\t\t\t\t\t\t\t<h3 class=\"wsite-content-title\">Somos compa\u00f1eros l\u00edderes espirituales y laicos episcopales que animan a otros a conocer a Jes\u00fas de una manera m\u00e1s profunda y personal.<\/h3>\t\t\t\t\t\t\t\t<\/div>\n\t\t\t\t\t<\/div>\n\t\t<\/div>\n\t\t\t\t\t<\/div>\n\t\t<\/section>\n\t\t\t\t<section class=\"elementor-section elementor-top-section elementor-element elementor-element-166bf7d elementor-section-boxed elementor-section-height-default elementor-section-height-default\" data-id=\"166bf7d\" data-element_type=\"section\" data-e-type=\"section\">\n\t\t\t\t\t\t<div class=\"elementor-container elementor-column-gap-default\">\n\t\t\t\t\t<div class=\"elementor-column elementor-col-100 elementor-top-column elementor-element elementor-element-7a3f1db\" data-id=\"7a3f1db\" data-element_type=\"column\" data-e-type=\"column\">\n\t\t\t<div class=\"elementor-widget-wrap elementor-element-populated\">\n\t\t\t\t\t\t<div class=\"elementor-element elementor-element-965e738 elementor-widget elementor-widget-spacer\" data-id=\"965e738\" data-element_type=\"widget\" data-e-type=\"widget\" data-widget_type=\"spacer.default\">\n\t\t\t\t\t\t\t<div class=\"elementor-spacer\">\n\t\t\t<div class=\"elementor-spacer-inner\"><\/div>\n\t\t<\/div>\n\t\t\t\t\t\t<\/div>\n\t\t\t\t\t<\/div>\n\t\t<\/div>\n\t\t\t\t\t<\/div>\n\t\t<\/section>\n\t\t\t\t<section class=\"elementor-section elementor-top-section elementor-element elementor-element-239ee47 elementor-section-boxed elementor-section-height-default elementor-section-height-default\" data-id=\"239ee47\" data-element_type=\"section\" data-e-type=\"section\">\n\t\t\t\t\t\t<div class=\"elementor-container elementor-column-gap-default\">\n\t\t\t\t\t<div class=\"elementor-column elementor-col-100 elementor-top-column elementor-element elementor-element-6ffc674\" data-id=\"6ffc674\" data-element_type=\"column\" data-e-type=\"column\">\n\t\t\t<div class=\"elementor-widget-wrap elementor-element-populated\">\n\t\t\t\t\t\t<div class=\"elementor-element elementor-element-478f05a elementor-widget elementor-widget-heading\" data-id=\"478f05a\" data-element_type=\"widget\" data-e-type=\"widget\" data-widget_type=\"heading.default\">\n\t\t\t\t\t<h4 class=\"elementor-heading-title elementor-size-default\">Cuarto d\u00eda<\/h4>\t\t\t\t<\/div>\n\t\t\t\t<div class=\"elementor-element elementor-element-3e29a39 elementor-widget elementor-widget-text-editor\" data-id=\"3e29a39\" data-element_type=\"widget\" data-e-type=\"widget\" data-widget_type=\"text-editor.default\">\n\t\t\t\t\t\t\t\t\t<p>El fin de semana de Cursillo no es un fin en s\u00ed mismo. Es un punto de partida que dura el resto de su vida y un trampol\u00edn para una pr\u00e1ctica a largo plazo del Pacto Bautismal en la vida de la Iglesia llamada el Cuarto D\u00eda.\u00a0<\/p><p>El cuarto d\u00eda se compone de tres elementos principales:\u00a0<\/p><ul><li>La Reuni\u00f3n de Grupo, el coraz\u00f3n de Cursillo, es un peque\u00f1o grupo de amigos (generalmente 3-5) que se re\u00fanen semanalmente y se responsabilizan mutuamente por su viaje espiritual. Informan sobre su piedad, su estudio y su acci\u00f3n apost\u00f3lica. Se desarrolla un v\u00ednculo que instituye un grupo de apoyo fuerte de por vida.\u00a0<\/li><li>La Ultreya, que generalmente se lleva a cabo mensualmente, es una \"reuni\u00f3n de las reuniones\". Brinda apoyo y construye una comunidad al permitir el intercambio de experiencias comunitarias.\u00a0<\/li><li>La direcci\u00f3n espiritual es un elemento importante del Ministerio de Cursillo. Es un compromiso buscar laicos o cl\u00e9rigos capacitados para recibir direcci\u00f3n espiritual para profundizar su uni\u00f3n con Cristo.\u00a0<\/li><\/ul>\t\t\t\t\t\t\t\t<\/div>\n\t\t\t\t\t<\/div>\n\t\t<\/div>\n\t\t\t\t\t<\/div>\n\t\t<\/section>\n\t\t\t\t<section class=\"elementor-section elementor-top-section elementor-element elementor-element-84494e0 elementor-section-boxed elementor-section-height-default elementor-section-height-default\" data-id=\"84494e0\" data-element_type=\"section\" data-e-type=\"section\">\n\t\t\t\t\t\t<div class=\"elementor-container elementor-column-gap-default\">\n\t\t\t\t\t<div class=\"elementor-column elementor-col-100 elementor-top-column elementor-element elementor-element-d5f284a\" data-id=\"d5f284a\" data-element_type=\"column\" data-e-type=\"column\">\n\t\t\t<div class=\"elementor-widget-wrap elementor-element-populated\">\n\t\t\t\t\t\t<div class=\"elementor-element elementor-element-1e7c14e elementor-widget elementor-widget-spacer\" data-id=\"1e7c14e\" data-element_type=\"widget\" data-e-type=\"widget\" data-widget_type=\"spacer.default\">\n\t\t\t\t\t\t\t<div class=\"elementor-spacer\">\n\t\t\t<div class=\"elementor-spacer-inner\"><\/div>\n\t\t<\/div>\n\t\t\t\t\t\t<\/div>\n\t\t\t\t\t<\/div>\n\t\t<\/div>\n\t\t\t\t\t<\/div>\n\t\t<\/section>\n\t\t\t\t<\/div>","protected":false},"excerpt":{"rendered":"<p>What is the Cursillo Ministry About? Cursillo is patterned on Jesus&#8217; own example. He searched out and called a small group of potential leaders (pre-Cursillo); He trained them by word and example and inspired them with a vision (Three-Day Weekend); He linked them together and sent them out into the world to bring the world [&hellip;]<\/p>\n","protected":false},"author":1,"featured_media":0,"parent":0,"menu_order":0,"comment_status":"closed","ping_status":"closed","template":"elementor_header_footer","meta":{"_monsterinsights_skip_tracking":false,"_monsterinsights_sitenote_active":false,"_monsterinsights_sitenote_note":"","_monsterinsights_sitenote_category":0,"footnotes":""},"class_list":["post-293","page","type-page","status-publish","hentry"],"_links":{"self":[{"href":"https:\/\/sef-cursillo.com\/es\/wp-json\/wp\/v2\/pages\/293","targetHints":{"allow":["GET"]}}],"collection":[{"href":"https:\/\/sef-cursillo.com\/es\/wp-json\/wp\/v2\/pages"}],"about":[{"href":"https:\/\/sef-cursillo.com\/es\/wp-json\/wp\/v2\/types\/page"}],"author":[{"embeddable":true,"href":"https:\/\/sef-cursillo.com\/es\/wp-json\/wp\/v2\/users\/1"}],"replies":[{"embeddable":true,"href":"https:\/\/sef-cursillo.com\/es\/wp-json\/wp\/v2\/comments?post=293"}],"version-history":[{"count":34,"href":"https:\/\/sef-cursillo.com\/es\/wp-json\/wp\/v2\/pages\/293\/revisions"}],"predecessor-version":[{"id":2318,"href":"https:\/\/sef-cursillo.com\/es\/wp-json\/wp\/v2\/pages\/293\/revisions\/2318"}],"wp:attachment":[{"href":"https:\/\/sef-cursillo.com\/es\/wp-json\/wp\/v2\/media?parent=293"}],"curies":[{"name":"wp","href":"https:\/\/api.w.org\/{rel}","templated":true}]}}